{"id":18,"date":"2020-07-15T07:12:01","date_gmt":"2020-07-15T07:12:01","guid":{"rendered":"http:\/\/elclarinzacatecano.com\/?page_id=18"},"modified":"2024-06-11T05:49:24","modified_gmt":"2024-06-11T05:49:24","slug":"home","status":"publish","type":"page","link":"https:\/\/elclarinzacatecano.com\/","title":{"rendered":"NOTICIAS M\u00c1S RECIENTES"},"content":{"rendered":"\t\t<div data-elementor-type=\"wp-page\" data-elementor-id=\"18\" class=\"elementor elementor-18\">\n\t\t\t\t\t\t\t\t\t<section class=\"elementor-section elementor-top-section elementor-element elementor-element-498014c elementor-section-boxed elementor-section-height-default elementor-section-height-default\" data-id=\"498014c\" data-element_type=\"section\">\n\t\t\t\t\t\t<div class=\"elementor-container elementor-column-gap-default\">\n\t\t\t\t\t<div class=\"elementor-column elementor-col-100 elementor-top-column elementor-element elementor-element-ef0d31f\" data-id=\"ef0d31f\" data-element_type=\"column\">\n\t\t\t<div class=\"elementor-widget-wrap elementor-element-populated\">\n\t\t\t\t\t\t\t\t<div class=\"elementor-element elementor-element-559aa5e elementor-grid-3 elementor-grid-tablet-2 elementor-grid-mobile-1 elementor-posts--thumbnail-top elementor-card-shadow-yes elementor-posts__hover-gradient elementor-widget elementor-widget-posts\" data-id=\"559aa5e\" data-element_type=\"widget\" data-settings=\"{&quot;cards_columns&quot;:&quot;3&quot;,&quot;cards_columns_tablet&quot;:&quot;2&quot;,&quot;cards_columns_mobile&quot;:&quot;1&quot;,&quot;cards_row_gap&quot;:{&quot;unit&quot;:&quot;px&quot;,&quot;size&quot;:35,&quot;sizes&quot;:[]}}\" data-widget_type=\"posts.cards\">\n\t\t\t\t<div class=\"elementor-widget-container\">\n\t\t\t\t\t<div class=\"elementor-posts-container elementor-posts elementor-posts--skin-cards elementor-grid\">\n\t\t\t\t<article class=\"elementor-post elementor-grid-item post-129502 post type-post status-publish format-standard has-post-thumbnail hentry category-politica\">\n\t\t\t<div class=\"elementor-post__card\">\n\t\t\t\t<a class=\"elementor-post__thumbnail__link\" href=\"https:\/\/elclarinzacatecano.com\/?p=129502\" >\n\t\t\t<div class=\"elementor-post__thumbnail\"><img width=\"300\" height=\"194\" src=\"https:\/\/elclarinzacatecano.com\/wp-content\/uploads\/2026\/05\/050526-temas-para-reflexionar-300x194.jpg\" class=\"attachment-medium size-medium\" alt=\"\" decoding=\"async\" loading=\"lazy\" srcset=\"https:\/\/elclarinzacatecano.com\/wp-content\/uploads\/2026\/05\/050526-temas-para-reflexionar-300x194.jpg 300w, https:\/\/elclarinzacatecano.com\/wp-content\/uploads\/2026\/05\/050526-temas-para-reflexionar-1024x662.jpg 1024w, https:\/\/elclarinzacatecano.com\/wp-content\/uploads\/2026\/05\/050526-temas-para-reflexionar-768x497.jpg 768w, https:\/\/elclarinzacatecano.com\/wp-content\/uploads\/2026\/05\/050526-temas-para-reflexionar-1536x993.jpg 1536w, https:\/\/elclarinzacatecano.com\/wp-content\/uploads\/2026\/05\/050526-temas-para-reflexionar.jpg 1692w\" sizes=\"(max-width: 300px) 100vw, 300px\" \/><\/div>\n\t\t<\/a>\n\t\t\t\t<div class=\"elementor-post__badge\">POLITICA<\/div>\n\t\t\t\t<div class=\"elementor-post__text\">\n\t\t\t\t<h3 class=\"elementor-post__title\">\n\t\t\t<a href=\"https:\/\/elclarinzacatecano.com\/?p=129502\" >\n\t\t\t\tTEMAS PARA REFLEXIONAR:\t\t\t<\/a>\n\t\t<\/h3>\n\t\t\t\t<div class=\"elementor-post__excerpt\">\n\t\t\t<p>Por Jematoba: Esta semana nos topamos con el temblor que se dio en la ciudad de Pinotepa Nacional,<\/p>\n\t\t<\/div>\n\t\t\t\t\t<a class=\"elementor-post__read-more\" href=\"https:\/\/elclarinzacatecano.com\/?p=129502\" >\n\t\t\t\tRead More \u00bb\t\t\t<\/a>\n\t\t\t\t<\/div>\n\t\t\t\t<div class=\"elementor-post__meta-data\">\n\t\t\t\t\t<span class=\"elementor-post-date\">\n\t\t\tmayo 5, 2026\t\t<\/span>\n\t\t\t\t<\/div>\n\t\t\t\t\t<\/div>\n\t\t<\/article>\n\t\t\t\t<article class=\"elementor-post elementor-grid-item post-129500 post type-post status-publish format-standard has-post-thumbnail hentry category-politica\">\n\t\t\t<div class=\"elementor-post__card\">\n\t\t\t\t<a class=\"elementor-post__thumbnail__link\" href=\"https:\/\/elclarinzacatecano.com\/?p=129500\" >\n\t\t\t<div class=\"elementor-post__thumbnail\"><img width=\"300\" height=\"203\" src=\"https:\/\/elclarinzacatecano.com\/wp-content\/uploads\/2026\/05\/050526-UMH-visita-Juchila-en-informativa-legislativa-300x203.jpg\" class=\"attachment-medium size-medium\" alt=\"\" decoding=\"async\" loading=\"lazy\" srcset=\"https:\/\/elclarinzacatecano.com\/wp-content\/uploads\/2026\/05\/050526-UMH-visita-Juchila-en-informativa-legislativa-300x203.jpg 300w, https:\/\/elclarinzacatecano.com\/wp-content\/uploads\/2026\/05\/050526-UMH-visita-Juchila-en-informativa-legislativa-1024x694.jpg 1024w, https:\/\/elclarinzacatecano.com\/wp-content\/uploads\/2026\/05\/050526-UMH-visita-Juchila-en-informativa-legislativa-768x520.jpg 768w, https:\/\/elclarinzacatecano.com\/wp-content\/uploads\/2026\/05\/050526-UMH-visita-Juchila-en-informativa-legislativa.jpg 1280w\" sizes=\"(max-width: 300px) 100vw, 300px\" \/><\/div>\n\t\t<\/a>\n\t\t\t\t<div class=\"elementor-post__badge\">POLITICA<\/div>\n\t\t\t\t<div class=\"elementor-post__text\">\n\t\t\t\t<h3 class=\"elementor-post__title\">\n\t\t\t<a href=\"https:\/\/elclarinzacatecano.com\/?p=129500\" >\n\t\t\t\tUMH: \u201cIndustrializaci\u00f3n del campo y nuevos mercados son claves para Zacatecas\u201d\t\t\t<\/a>\n\t\t<\/h3>\n\t\t\t\t<div class=\"elementor-post__excerpt\">\n\t\t\t<p>El diputado federal por Zacatecas, Ulises Mej\u00eda Haro, visit\u00f3 el ca\u00f1\u00f3n de Juchipila como parte de su gira<\/p>\n\t\t<\/div>\n\t\t\t\t\t<a class=\"elementor-post__read-more\" href=\"https:\/\/elclarinzacatecano.com\/?p=129500\" >\n\t\t\t\tRead More \u00bb\t\t\t<\/a>\n\t\t\t\t<\/div>\n\t\t\t\t<div class=\"elementor-post__meta-data\">\n\t\t\t\t\t<span class=\"elementor-post-date\">\n\t\t\tmayo 5, 2026\t\t<\/span>\n\t\t\t\t<\/div>\n\t\t\t\t\t<\/div>\n\t\t<\/article>\n\t\t\t\t<article class=\"elementor-post elementor-grid-item post-129498 post type-post status-publish format-standard has-post-thumbnail hentry category-politica\">\n\t\t\t<div class=\"elementor-post__card\">\n\t\t\t\t<a class=\"elementor-post__thumbnail__link\" href=\"https:\/\/elclarinzacatecano.com\/?p=129498\" >\n\t\t\t<div class=\"elementor-post__thumbnail\"><img width=\"300\" height=\"171\" src=\"https:\/\/elclarinzacatecano.com\/wp-content\/uploads\/2026\/05\/050526-DMA-festeja-dia-de-la-santa-cruz-300x171.jpg\" class=\"attachment-medium size-medium\" alt=\"\" decoding=\"async\" loading=\"lazy\" srcset=\"https:\/\/elclarinzacatecano.com\/wp-content\/uploads\/2026\/05\/050526-DMA-festeja-dia-de-la-santa-cruz-300x171.jpg 300w, https:\/\/elclarinzacatecano.com\/wp-content\/uploads\/2026\/05\/050526-DMA-festeja-dia-de-la-santa-cruz-1024x585.jpg 1024w, https:\/\/elclarinzacatecano.com\/wp-content\/uploads\/2026\/05\/050526-DMA-festeja-dia-de-la-santa-cruz-768x439.jpg 768w, https:\/\/elclarinzacatecano.com\/wp-content\/uploads\/2026\/05\/050526-DMA-festeja-dia-de-la-santa-cruz.jpg 1280w\" sizes=\"(max-width: 300px) 100vw, 300px\" \/><\/div>\n\t\t<\/a>\n\t\t\t\t<div class=\"elementor-post__badge\">POLITICA<\/div>\n\t\t\t\t<div class=\"elementor-post__text\">\n\t\t\t\t<h3 class=\"elementor-post__title\">\n\t\t\t<a href=\"https:\/\/elclarinzacatecano.com\/?p=129498\" >\n\t\t\t\tDMA: Anuncia inversi\u00f3n cercana a 4 mil mdp en infraestructura para cierre de 2026\t\t\t<\/a>\n\t\t<\/h3>\n\t\t\t\t<div class=\"elementor-post__excerpt\">\n\t\t\t<p>Guadalupe, Zac.- Con una proyecci\u00f3n de inversi\u00f3n cercana a los 4 mil millones de pesos en infraestructura para<\/p>\n\t\t<\/div>\n\t\t\t\t\t<a class=\"elementor-post__read-more\" href=\"https:\/\/elclarinzacatecano.com\/?p=129498\" >\n\t\t\t\tRead More \u00bb\t\t\t<\/a>\n\t\t\t\t<\/div>\n\t\t\t\t<div class=\"elementor-post__meta-data\">\n\t\t\t\t\t<span class=\"elementor-post-date\">\n\t\t\tmayo 5, 2026\t\t<\/span>\n\t\t\t\t<\/div>\n\t\t\t\t\t<\/div>\n\t\t<\/article>\n\t\t\t\t<article class=\"elementor-post elementor-grid-item post-129492 post type-post status-publish format-standard has-post-thumbnail hentry category-politica\">\n\t\t\t<div class=\"elementor-post__card\">\n\t\t\t\t<a class=\"elementor-post__thumbnail__link\" href=\"https:\/\/elclarinzacatecano.com\/?p=129492\" >\n\t\t\t<div class=\"elementor-post__thumbnail\"><img width=\"189\" height=\"300\" src=\"https:\/\/elclarinzacatecano.com\/wp-content\/uploads\/2026\/05\/050526-STCB-por-un-PRI-mas-fuerte-y-competitivo-189x300.jpg\" class=\"attachment-medium size-medium\" alt=\"\" decoding=\"async\" loading=\"lazy\" srcset=\"https:\/\/elclarinzacatecano.com\/wp-content\/uploads\/2026\/05\/050526-STCB-por-un-PRI-mas-fuerte-y-competitivo-189x300.jpg 189w, https:\/\/elclarinzacatecano.com\/wp-content\/uploads\/2026\/05\/050526-STCB-por-un-PRI-mas-fuerte-y-competitivo.jpg 606w\" sizes=\"(max-width: 189px) 100vw, 189px\" \/><\/div>\n\t\t<\/a>\n\t\t\t\t<div class=\"elementor-post__badge\">POLITICA<\/div>\n\t\t\t\t<div class=\"elementor-post__text\">\n\t\t\t\t<h3 class=\"elementor-post__title\">\n\t\t\t<a href=\"https:\/\/elclarinzacatecano.com\/?p=129492\" >\n\t\t\t\tSara Treto Carlos: \u201cQueremos un PRI m\u00e1s Fuerte y Competitivo\u201d\t\t\t<\/a>\n\t\t<\/h3>\n\t\t\t\t<div class=\"elementor-post__excerpt\">\n\t\t\t<p>Despu\u00e9s de un intenso trabajo de identificaci\u00f3n y negociaciones, la Secretaria de Asuntos Migratorios del CEN del PRI,<\/p>\n\t\t<\/div>\n\t\t\t\t\t<a class=\"elementor-post__read-more\" href=\"https:\/\/elclarinzacatecano.com\/?p=129492\" >\n\t\t\t\tRead More \u00bb\t\t\t<\/a>\n\t\t\t\t<\/div>\n\t\t\t\t<div class=\"elementor-post__meta-data\">\n\t\t\t\t\t<span class=\"elementor-post-date\">\n\t\t\tmayo 5, 2026\t\t<\/span>\n\t\t\t\t<\/div>\n\t\t\t\t\t<\/div>\n\t\t<\/article>\n\t\t\t\t<article class=\"elementor-post elementor-grid-item post-129489 post type-post status-publish format-standard has-post-thumbnail hentry category-politica\">\n\t\t\t<div class=\"elementor-post__card\">\n\t\t\t\t<a class=\"elementor-post__thumbnail__link\" href=\"https:\/\/elclarinzacatecano.com\/?p=129489\" >\n\t\t\t<div class=\"elementor-post__thumbnail\"><img width=\"300\" height=\"225\" src=\"https:\/\/elclarinzacatecano.com\/wp-content\/uploads\/2026\/05\/050526-SMA-los-cambios-son-buenos.jpg-300x225.jpeg\" class=\"attachment-medium size-medium\" alt=\"\" decoding=\"async\" loading=\"lazy\" srcset=\"https:\/\/elclarinzacatecano.com\/wp-content\/uploads\/2026\/05\/050526-SMA-los-cambios-son-buenos.jpg-300x225.jpeg 300w, https:\/\/elclarinzacatecano.com\/wp-content\/uploads\/2026\/05\/050526-SMA-los-cambios-son-buenos.jpg-1024x768.jpeg 1024w, https:\/\/elclarinzacatecano.com\/wp-content\/uploads\/2026\/05\/050526-SMA-los-cambios-son-buenos.jpg-768x576.jpeg 768w, https:\/\/elclarinzacatecano.com\/wp-content\/uploads\/2026\/05\/050526-SMA-los-cambios-son-buenos.jpg.jpeg 1280w\" sizes=\"(max-width: 300px) 100vw, 300px\" \/><\/div>\n\t\t<\/a>\n\t\t\t\t<div class=\"elementor-post__badge\">POLITICA<\/div>\n\t\t\t\t<div class=\"elementor-post__text\">\n\t\t\t\t<h3 class=\"elementor-post__title\">\n\t\t\t<a href=\"https:\/\/elclarinzacatecano.com\/?p=129489\" >\n\t\t\t\tSMA: \u201cLos cambios son positivos reafirman el rumbo de la transformaci\u00f3n con unidad y organizaci\u00f3n\u201d\t\t\t<\/a>\n\t\t<\/h3>\n\t\t\t\t<div class=\"elementor-post__excerpt\">\n\t\t\t<p>\u2022&nbsp;&nbsp;&nbsp;&nbsp;&nbsp;&nbsp;&nbsp; Hoy se est\u00e1 fortaleciendo la vida institucional de nuestro movimiento y se consolida el proyecto de naci\u00f3n,<\/p>\n\t\t<\/div>\n\t\t\t\t\t<a class=\"elementor-post__read-more\" href=\"https:\/\/elclarinzacatecano.com\/?p=129489\" >\n\t\t\t\tRead More \u00bb\t\t\t<\/a>\n\t\t\t\t<\/div>\n\t\t\t\t<div class=\"elementor-post__meta-data\">\n\t\t\t\t\t<span class=\"elementor-post-date\">\n\t\t\tmayo 5, 2026\t\t<\/span>\n\t\t\t\t<\/div>\n\t\t\t\t\t<\/div>\n\t\t<\/article>\n\t\t\t\t<article class=\"elementor-post elementor-grid-item post-129486 post type-post status-publish format-standard has-post-thumbnail hentry category-politica\">\n\t\t\t<div class=\"elementor-post__card\">\n\t\t\t\t<a class=\"elementor-post__thumbnail__link\" href=\"https:\/\/elclarinzacatecano.com\/?p=129486\" >\n\t\t\t<div class=\"elementor-post__thumbnail\"><img width=\"300\" height=\"240\" src=\"https:\/\/elclarinzacatecano.com\/wp-content\/uploads\/2026\/05\/050526-PpSaldivar-instala-luminarias-y-limpia-camellones-300x240.jpg\" class=\"attachment-medium size-medium\" alt=\"\" decoding=\"async\" loading=\"lazy\" srcset=\"https:\/\/elclarinzacatecano.com\/wp-content\/uploads\/2026\/05\/050526-PpSaldivar-instala-luminarias-y-limpia-camellones-300x240.jpg 300w, https:\/\/elclarinzacatecano.com\/wp-content\/uploads\/2026\/05\/050526-PpSaldivar-instala-luminarias-y-limpia-camellones-1024x819.jpg 1024w, https:\/\/elclarinzacatecano.com\/wp-content\/uploads\/2026\/05\/050526-PpSaldivar-instala-luminarias-y-limpia-camellones-768x614.jpg 768w, https:\/\/elclarinzacatecano.com\/wp-content\/uploads\/2026\/05\/050526-PpSaldivar-instala-luminarias-y-limpia-camellones.jpg 1280w\" sizes=\"(max-width: 300px) 100vw, 300px\" \/><\/div>\n\t\t<\/a>\n\t\t\t\t<div class=\"elementor-post__badge\">POLITICA<\/div>\n\t\t\t\t<div class=\"elementor-post__text\">\n\t\t\t\t<h3 class=\"elementor-post__title\">\n\t\t\t<a href=\"https:\/\/elclarinzacatecano.com\/?p=129486\" >\n\t\t\t\tRealiza Pepe Sald\u00edvar brigadas nocturnas de mantenimiento de alumbrado p\u00fablico\t\t\t<\/a>\n\t\t<\/h3>\n\t\t\t\t<div class=\"elementor-post__excerpt\">\n\t\t\t<p>En coordinaci\u00f3n con la Secretar\u00eda de Servicios P\u00fablicos, el Presidente Municipal de Guadalupe, Pepe Sald\u00edvar, realiz\u00f3 una supervisi\u00f3n<\/p>\n\t\t<\/div>\n\t\t\t\t\t<a class=\"elementor-post__read-more\" href=\"https:\/\/elclarinzacatecano.com\/?p=129486\" >\n\t\t\t\tRead More \u00bb\t\t\t<\/a>\n\t\t\t\t<\/div>\n\t\t\t\t<div class=\"elementor-post__meta-data\">\n\t\t\t\t\t<span class=\"elementor-post-date\">\n\t\t\tmayo 5, 2026\t\t<\/span>\n\t\t\t\t<\/div>\n\t\t\t\t\t<\/div>\n\t\t<\/article>\n\t\t\t\t<\/div>\n\t\t\t\t<\/div>\n\t\t\t\t<\/div>\n\t\t\t\t\t<\/div>\n\t\t<\/div>\n\t\t\t\t\t\t\t<\/div>\n\t\t<\/section>\n\t\t\t\t<section class=\"elementor-section elementor-top-section elementor-element elementor-element-8327759 elementor-section-boxed elementor-section-height-default elementor-section-height-default\" data-id=\"8327759\" data-element_type=\"section\">\n\t\t\t\t\t\t<div class=\"elementor-container elementor-column-gap-default\">\n\t\t\t\t\t<div class=\"elementor-column elementor-col-100 elementor-top-column elementor-element elementor-element-58675b1\" data-id=\"58675b1\" data-element_type=\"column\">\n\t\t\t<div class=\"elementor-widget-wrap elementor-element-populated\">\n\t\t\t\t\t\t\t\t<div class=\"elementor-element elementor-element-b8c880c elementor-arrows-position-inside elementor-pagination-position-outside elementor-widget elementor-widget-image-carousel\" data-id=\"b8c880c\" data-element_type=\"widget\" data-settings=\"{&quot;navigation&quot;:&quot;both&quot;,&quot;autoplay&quot;:&quot;yes&quot;,&quot;pause_on_hover&quot;:&quot;yes&quot;,&quot;pause_on_interaction&quot;:&quot;yes&quot;,&quot;autoplay_speed&quot;:5000,&quot;infinite&quot;:&quot;yes&quot;,&quot;speed&quot;:500}\" data-widget_type=\"image-carousel.default\">\n\t\t\t\t<div class=\"elementor-widget-container\">\n\t\t\t<style>\/*! elementor - v3.6.7 - 03-07-2022 *\/\n.elementor-widget-image-carousel .swiper-container{position:static}.elementor-widget-image-carousel .swiper-container .swiper-slide figure{line-height:inherit}.elementor-widget-image-carousel .swiper-slide{text-align:center}.elementor-image-carousel-wrapper:not(.swiper-container-initialized) .swiper-slide{max-width:calc(100% \/ var(--e-image-carousel-slides-to-show, 3))}<\/style>\t\t<div class=\"elementor-image-carousel-wrapper swiper-container\" dir=\"ltr\">\n\t\t\t<div class=\"elementor-image-carousel swiper-wrapper\">\n\t\t\t\t\t\t\t\t<div class=\"swiper-slide\"><figure class=\"swiper-slide-inner\"><img decoding=\"async\" class=\"swiper-slide-image\" src=\"https:\/\/elclarinzacatecano.com\/wp-content\/uploads\/2024\/02\/cropped-zacatecas-iluminada-2da-etapa-220224-150x150.jpg\" alt=\"cropped-zacatecas-iluminada-2da-etapa-220224.jpg\" \/><\/figure><\/div><div class=\"swiper-slide\"><figure class=\"swiper-slide-inner\"><img decoding=\"async\" class=\"swiper-slide-image\" src=\"https:\/\/elclarinzacatecano.com\/wp-content\/uploads\/2024\/02\/PEPE-SALDIVAR-INAUGURA-CANCHA-Y-PARQUE-280224-150x150.jpg\" alt=\"PEPE SALDIVAR INAUGURA CANCHA Y PARQUE 280224\" \/><\/figure><\/div><div class=\"swiper-slide\"><figure class=\"swiper-slide-inner\"><img decoding=\"async\" class=\"swiper-slide-image\" src=\"https:\/\/elclarinzacatecano.com\/wp-content\/uploads\/2024\/02\/ANA-BARBARA-CAUTIVO-LA-NOCHE-DEL-AMOR-150224-150x150.jpg\" alt=\"ANA-BARBARA-CAUTIVO-LA-NOCHE-DEL-AMOR-150224\" \/><\/figure><\/div><div class=\"swiper-slide\"><figure class=\"swiper-slide-inner\"><img decoding=\"async\" class=\"swiper-slide-image\" src=\"https:\/\/elclarinzacatecano.com\/wp-content\/uploads\/2024\/02\/el-clarin-zacatecano-150x150.png\" alt=\"el clarin zacatecano\" \/><\/figure><\/div><div class=\"swiper-slide\"><figure class=\"swiper-slide-inner\"><img decoding=\"async\" class=\"swiper-slide-image\" src=\"https:\/\/elclarinzacatecano.com\/wp-content\/uploads\/2024\/02\/CELEBRACION-5-FEBRERO-060224-150x150.jpg\" alt=\"CELEBRACION-5-FEBRERO-060224\" \/><\/figure><\/div><div class=\"swiper-slide\"><figure class=\"swiper-slide-inner\"><img decoding=\"async\" class=\"swiper-slide-image\" src=\"https:\/\/elclarinzacatecano.com\/wp-content\/uploads\/2024\/02\/jsa-en-la-entrega-del-carro-020224-150x150.jpg\" alt=\"jsa en la entrega del carro 020224\" \/><\/figure><\/div><div class=\"swiper-slide\"><figure class=\"swiper-slide-inner\"><img decoding=\"async\" class=\"swiper-slide-image\" src=\"https:\/\/elclarinzacatecano.com\/wp-content\/uploads\/2024\/01\/UTZAC-capacitara-170124-150x150.jpg\" alt=\"UTZAC capacitara 170124\" \/><\/figure><\/div>\t\t\t<\/div>\n\t\t\t\t\t\t\t\t\t\t\t\t<div class=\"swiper-pagination\"><\/div>\n\t\t\t\t\t\t\t\t\t\t\t\t\t<div class=\"elementor-swiper-button elementor-swiper-button-prev\">\n\t\t\t\t\t\t<i aria-hidden=\"true\" class=\"eicon-chevron-left\"><\/i>\t\t\t\t\t\t<span class=\"elementor-screen-only\">Previo<\/span>\n\t\t\t\t\t<\/div>\n\t\t\t\t\t<div class=\"elementor-swiper-button elementor-swiper-button-next\">\n\t\t\t\t\t\t<i aria-hidden=\"true\" class=\"eicon-chevron-right\"><\/i>\t\t\t\t\t\t<span class=\"elementor-screen-only\">Siguiente<\/span>\n\t\t\t\t\t<\/div>\n\t\t\t\t\t\t\t\t\t<\/div>\n\t\t\t\t<\/div>\n\t\t\t\t<\/div>\n\t\t\t\t\t<\/div>\n\t\t<\/div>\n\t\t\t\t\t\t\t<\/div>\n\t\t<\/section>\n\t\t\t\t<section class=\"elementor-section elementor-top-section elementor-element elementor-element-b65ac4b elementor-section-boxed elementor-section-height-default elementor-section-height-default\" data-id=\"b65ac4b\" data-element_type=\"section\">\n\t\t\t\t\t\t<div class=\"elementor-container elementor-column-gap-default\">\n\t\t\t\t\t<div class=\"elementor-column elementor-col-100 elementor-top-column elementor-element elementor-element-30fa8db\" data-id=\"30fa8db\" data-element_type=\"column\">\n\t\t\t<div class=\"elementor-widget-wrap elementor-element-populated\">\n\t\t\t\t\t\t\t\t<div class=\"elementor-element elementor-element-7436b5e elementor-widget elementor-widget-shortcode\" data-id=\"7436b5e\" data-element_type=\"widget\" data-widget_type=\"shortcode.default\">\n\t\t\t\t<div class=\"elementor-widget-container\">\n\t\t\t\t\t<div class=\"elementor-shortcode\"><\/div>\n\t\t\t\t<\/div>\n\t\t\t\t<\/div>\n\t\t\t\t\t<\/div>\n\t\t<\/div>\n\t\t\t\t\t\t\t<\/div>\n\t\t<\/section>\n\t\t\t\t\t\t\t<\/div>\n\t\t","protected":false},"excerpt":{"rendered":"<p>Previo Siguiente<\/p>\n","protected":false},"author":1,"featured_media":0,"parent":0,"menu_order":0,"comment_status":"closed","ping_status":"closed","template":"","meta":{"om_disable_all_campaigns":false},"_links":{"self":[{"href":"https:\/\/elclarinzacatecano.com\/index.php?rest_route=\/wp\/v2\/pages\/18"}],"collection":[{"href":"https:\/\/elclarinzacatecano.com\/index.php?rest_route=\/wp\/v2\/pages"}],"about":[{"href":"https:\/\/elclarinzacatecano.com\/index.php?rest_route=\/wp\/v2\/types\/page"}],"author":[{"embeddable":true,"href":"https:\/\/elclarinzacatecano.com\/index.php?rest_route=\/wp\/v2\/users\/1"}],"replies":[{"embeddable":true,"href":"https:\/\/elclarinzacatecano.com\/index.php?rest_route=%2Fwp%2Fv2%2Fcomments&post=18"}],"version-history":[{"count":69,"href":"https:\/\/elclarinzacatecano.com\/index.php?rest_route=\/wp\/v2\/pages\/18\/revisions"}],"predecessor-version":[{"id":124260,"href":"https:\/\/elclarinzacatecano.com\/index.php?rest_route=\/wp\/v2\/pages\/18\/revisions\/124260"}],"wp:attachment":[{"href":"https:\/\/elclarinzacatecano.com\/index.php?rest_route=%2Fwp%2Fv2%2Fmedia&parent=18"}],"curies":[{"name":"wp","href":"https:\/\/api.w.org\/{rel}","templated":true}]}}